{"id":526,"date":"2020-03-08T16:25:27","date_gmt":"2020-03-08T15:25:27","guid":{"rendered":"http:\/\/www.safety-services.at\/?page_id=526"},"modified":"2022-03-12T13:19:06","modified_gmt":"2022-03-12T12:19:06","slug":"workshops-maschinensicherheit","status":"publish","type":"page","link":"https:\/\/www.safety-services.at\/en\/workshops-maschinensicherheit\/","title":{"rendered":"Workshops Maschinensicherheit"},"content":{"rendered":"\n<p>Sie ben\u00f6tigen Workshops, Schulungen oder Seminare zu verschiedenen   Themen der Maschinensicherheit? 4S bietet individuelle Workshops, die   auf die Anforderungen ihrer Maschinen eingeht.  <\/p>\n\n\n\n<h2 class=\"wp-block-heading\"><a href=\"http:\/\/www.safety-services.at\/workshop1\/\">Workshop CE-Kennzeichnung<\/a><\/h2>\n\n\n\n<p>Dieser 2-t\u00e4gige Workshop f\u00fcr Maschinenhersteller und Integratoren von Maschinen beinhaltet die Anforderungen der Maschinenrichtlinie auf dem Weg zur CE-Kennzeichnung (Risikobeurteilung, Betriebsanleitung, Performance Level, Validierung, &#8230;) im \u00dcberblick.<\/p>\n\n\n\n<h2 class=\"wp-block-heading\"><a href=\"http:\/\/www.safety-services.at\/workshop2\/\">Workshop funktionale Sicherheit<\/a><\/h2>\n\n\n\n<p>Dieser 1-t\u00e4gige Workshop f\u00fcr Maschinenhersteller, Schaltschrankbauer, Maschinenintegratoren und Maschinenbetreiber (Instandhalter, Produktion) gibt einen Einblick in die EN ISO 13849-1 und die Performance Level.<\/p>\n\n\n\n<h2 class=\"wp-block-heading\"><a href=\"http:\/\/www.safety-services.at\/workshop3\/\">Workshop Betrieb und Umbau von Maschinen<\/a><\/h2>\n\n\n\n<p>Dieser 1-t\u00e4gige Workshop f\u00fcr Maschinenbetreiber, Schaltschrankbauer und Maschinenintegratoren gibt einen \u00dcberblick \u00fcber die Anforderungen an Bestandsmaschinen gem\u00e4\u00df ASchG und AM-VO und die Anforderungen bei einem Umbau von Maschinen.<\/p>\n\n\n\n<h2 class=\"wp-block-heading\"><a href=\"http:\/\/www.safety-services.at\/workshop4\">Workshop individuell<\/a><\/h2>\n\n\n\n<p>Dieser Workshop wird  individuell nach ihrem Bedarf vorbereitet und kann sowohl hands-on an der Maschine, als auch mehr in Richtung Normen und Richtlinien erfolgen.<\/p>\n\n\n\n<p>Interesse? Rufen Sie mich direkt an unter <\/p>\n\n\n\n<p class=\"has-text-align-center has-large-font-size\"><strong>+43 664 9123780<\/strong> <\/p>\n\n\n\n<p>oder schreiben sie mir eine Email mit ihren Kontaktdaten: <\/p>\n\n\n\n<p class=\"has-text-align-center has-large-font-size\"><strong>4s@4s.at<\/strong><\/p>\n\n\n\n<p>Inhouse-Workshops k\u00f6nnen zeitlich und inhaltlich variabel ausgef\u00fchrt werden. Es muss dabei nicht bei einem Vortrag im Seminarraum bleiben. Gerne k\u00f6nnen wir direkt an ihrer Maschine  gemeinsam , z.B. die normativ korrekte Umsetzung einer Risikobeurteilung durchf\u00fchren.<\/p>\n\n\n\n<p>Die Workshops k\u00f6nnen wir bei ihnen Inhouse, extern in einem Seminarhotel in ihrer N\u00e4he oder in Wien bei 4S im B\u00fcro (in Kleingruppen bis max. 4 Personen) durchf\u00fchren.<\/p>\n\n\n<p><!--EndFragment--><\/p>","protected":false},"excerpt":{"rendered":"<p>Sie ben\u00f6tigen Workshops, Schulungen oder Seminare zu verschiedenen Themen der Maschinensicherheit? 4S bietet individuelle Workshops, die auf die Anforderungen ihrer Maschinen eingeht. Workshop CE-Kennzeichnung Dieser 2-t\u00e4gige Workshop f\u00fcr Maschinenhersteller und Integratoren von Maschinen beinhaltet die Anforderungen der Maschinenrichtlinie auf dem Weg zur CE-Kennzeichnung (Risikobeurteilung, Betriebsanleitung, Performance Level, Validierung, &#8230;) im \u00dcberblick. Workshop funktionale Sicherheit Dieser&hellip;<\/p>\n<p class=\"more-link-wrapper\"><a class=\"more-link\" href=\"https:\/\/www.safety-services.at\/en\/workshops-maschinensicherheit\/\">Continue<\/a><\/p>\n","protected":false},"author":1,"featured_media":0,"parent":0,"menu_order":0,"comment_status":"closed","ping_status":"closed","template":"","meta":{"footnotes":""},"class_list":["post-526","page","type-page","status-publish","hentry"],"translation":{"provider":"WPGlobus","version":"3.0.2","language":"en","enabled_languages":["de","en"],"languages":{"de":{"title":true,"content":true,"excerpt":false},"en":{"title":false,"content":false,"excerpt":false}}},"yoast_head":"<!-- This site is optimized with the Yoast SEO plugin v27.1.1 - https:\/\/yoast.com\/product\/yoast-seo-wordpress\/ -->\n<title>Workshops Maschinensicherheit - 4S - Sascha Steinkrau\u00df Safety Services<\/title>\n<meta name=\"robots\" content=\"index, follow, max-snippet:-1, max-image-preview:large, max-video-preview:-1\" \/>\n<link rel=\"canonical\" href=\"https:\/\/www.safety-services.at\/workshops-maschinensicherheit\/\" \/>\n<meta property=\"og:locale\" content=\"en_US\" \/>\n<meta property=\"og:type\" content=\"article\" \/>\n<meta property=\"og:title\" content=\"Workshops Maschinensicherheit - 4S - Sascha Steinkrau\u00df Safety Services\" \/>\n<meta property=\"og:url\" content=\"https:\/\/www.safety-services.at\/workshops-maschinensicherheit\/\" \/>\n<meta property=\"og:site_name\" content=\"4S - Sascha Steinkrau\u00df Safety Services\" \/>\n<meta property=\"article:modified_time\" content=\"2022-03-12T12:19:06+00:00\" \/>\n<meta name=\"twitter:card\" content=\"summary_large_image\" \/>\n<meta name=\"twitter:label1\" content=\"Est. reading time\" \/>\n\t<meta name=\"twitter:data1\" content=\"1 minute\" \/>\n<script type=\"application\/ld+json\" class=\"yoast-schema-graph\">{\"@context\":\"https:\/\/schema.org\",\"@graph\":[{\"@type\":\"WebPage\",\"@id\":\"https:\/\/www.safety-services.at\/workshops-maschinensicherheit\/\",\"url\":\"https:\/\/www.safety-services.at\/workshops-maschinensicherheit\/\",\"name\":\"Workshops Maschinensicherheit - 4S - Sascha Steinkrau\u00df Safety Services\",\"isPartOf\":{\"@id\":\"https:\/\/www.safety-services.at\/#website\"},\"datePublished\":\"2020-03-08T15:25:27+00:00\",\"dateModified\":\"2022-03-12T12:19:06+00:00\",\"breadcrumb\":{\"@id\":\"https:\/\/www.safety-services.at\/workshops-maschinensicherheit\/#breadcrumb\"},\"inLanguage\":\"en-US\",\"potentialAction\":[{\"@type\":\"ReadAction\",\"target\":[\"https:\/\/www.safety-services.at\/workshops-maschinensicherheit\/\"]}]},{\"@type\":\"BreadcrumbList\",\"@id\":\"https:\/\/www.safety-services.at\/workshops-maschinensicherheit\/#breadcrumb\",\"itemListElement\":[{\"@type\":\"ListItem\",\"position\":1,\"name\":\"Startseite\",\"item\":\"https:\/\/www.safety-services.at\/\"},{\"@type\":\"ListItem\",\"position\":2,\"name\":\"Workshops Maschinensicherheit\"}]},{\"@type\":\"WebSite\",\"@id\":\"https:\/\/www.safety-services.at\/#website\",\"url\":\"https:\/\/www.safety-services.at\/\",\"name\":\"4S - Sascha Steinkrau\u00df Safety Services e.U.\",\"description\":\"...so sind sie sicher!\",\"publisher\":{\"@id\":\"https:\/\/www.safety-services.at\/#organization\"},\"potentialAction\":[{\"@type\":\"SearchAction\",\"target\":{\"@type\":\"EntryPoint\",\"urlTemplate\":\"https:\/\/www.safety-services.at\/?s={search_term_string}\"},\"query-input\":{\"@type\":\"PropertyValueSpecification\",\"valueRequired\":true,\"valueName\":\"search_term_string\"}}],\"inLanguage\":\"en-US\"},{\"@type\":\"Organization\",\"@id\":\"https:\/\/www.safety-services.at\/#organization\",\"name\":\"4S - Sascha Steinkrau\u00df Safety Services e.U.\",\"url\":\"https:\/\/www.safety-services.at\/\",\"logo\":{\"@type\":\"ImageObject\",\"inLanguage\":\"en-US\",\"@id\":\"https:\/\/www.safety-services.at\/#\/schema\/logo\/image\/\",\"url\":\"https:\/\/www.safety-services.at\/wp-content\/uploads\/2016\/05\/cropped-4S_red_s_nb.png\",\"contentUrl\":\"https:\/\/www.safety-services.at\/wp-content\/uploads\/2016\/05\/cropped-4S_red_s_nb.png\",\"width\":351,\"height\":102,\"caption\":\"4S - Sascha Steinkrau\u00df Safety Services e.U.\"},\"image\":{\"@id\":\"https:\/\/www.safety-services.at\/#\/schema\/logo\/image\/\"},\"sameAs\":[\"https:\/\/www.linkedin.com\/in\/sascha-steinkrau-6b3248117\/\"]}]}<\/script>\n<!-- \/ Yoast SEO plugin. -->","yoast_head_json":{"title":"Workshops Maschinensicherheit - 4S - Sascha Steinkrau\u00df Safety Services","robots":{"index":"index","follow":"follow","max-snippet":"max-snippet:-1","max-image-preview":"max-image-preview:large","max-video-preview":"max-video-preview:-1"},"canonical":"https:\/\/www.safety-services.at\/workshops-maschinensicherheit\/","og_locale":"en_US","og_type":"article","og_title":"Workshops Maschinensicherheit - 4S - Sascha Steinkrau\u00df Safety Services","og_url":"https:\/\/www.safety-services.at\/workshops-maschinensicherheit\/","og_site_name":"4S - Sascha Steinkrau\u00df Safety Services","article_modified_time":"2022-03-12T12:19:06+00:00","twitter_card":"summary_large_image","twitter_misc":{"Est. reading time":"1 minute"},"schema":{"@context":"https:\/\/schema.org","@graph":[{"@type":"WebPage","@id":"https:\/\/www.safety-services.at\/workshops-maschinensicherheit\/","url":"https:\/\/www.safety-services.at\/workshops-maschinensicherheit\/","name":"Workshops Maschinensicherheit - 4S - Sascha Steinkrau\u00df Safety Services","isPartOf":{"@id":"https:\/\/www.safety-services.at\/#website"},"datePublished":"2020-03-08T15:25:27+00:00","dateModified":"2022-03-12T12:19:06+00:00","breadcrumb":{"@id":"https:\/\/www.safety-services.at\/workshops-maschinensicherheit\/#breadcrumb"},"inLanguage":"en-US","potentialAction":[{"@type":"ReadAction","target":["https:\/\/www.safety-services.at\/workshops-maschinensicherheit\/"]}]},{"@type":"BreadcrumbList","@id":"https:\/\/www.safety-services.at\/workshops-maschinensicherheit\/#breadcrumb","itemListElement":[{"@type":"ListItem","position":1,"name":"Startseite","item":"https:\/\/www.safety-services.at\/"},{"@type":"ListItem","position":2,"name":"Workshops Maschinensicherheit"}]},{"@type":"WebSite","@id":"https:\/\/www.safety-services.at\/#website","url":"https:\/\/www.safety-services.at\/","name":"4S - Sascha Steinkrau\u00df Safety Services e.U.","description":"...so sind sie sicher!","publisher":{"@id":"https:\/\/www.safety-services.at\/#organization"},"potentialAction":[{"@type":"SearchAction","target":{"@type":"EntryPoint","urlTemplate":"https:\/\/www.safety-services.at\/?s={search_term_string}"},"query-input":{"@type":"PropertyValueSpecification","valueRequired":true,"valueName":"search_term_string"}}],"inLanguage":"en-US"},{"@type":"Organization","@id":"https:\/\/www.safety-services.at\/#organization","name":"4S - Sascha Steinkrau\u00df Safety Services e.U.","url":"https:\/\/www.safety-services.at\/","logo":{"@type":"ImageObject","inLanguage":"en-US","@id":"https:\/\/www.safety-services.at\/#\/schema\/logo\/image\/","url":"https:\/\/www.safety-services.at\/wp-content\/uploads\/2016\/05\/cropped-4S_red_s_nb.png","contentUrl":"https:\/\/www.safety-services.at\/wp-content\/uploads\/2016\/05\/cropped-4S_red_s_nb.png","width":351,"height":102,"caption":"4S - Sascha Steinkrau\u00df Safety Services e.U."},"image":{"@id":"https:\/\/www.safety-services.at\/#\/schema\/logo\/image\/"},"sameAs":["https:\/\/www.linkedin.com\/in\/sascha-steinkrau-6b3248117\/"]}]}},"_links":{"self":[{"href":"https:\/\/www.safety-services.at\/en\/wp-json\/wp\/v2\/pages\/526","targetHints":{"allow":["GET"]}}],"collection":[{"href":"https:\/\/www.safety-services.at\/en\/wp-json\/wp\/v2\/pages"}],"about":[{"href":"https:\/\/www.safety-services.at\/en\/wp-json\/wp\/v2\/types\/page"}],"author":[{"embeddable":true,"href":"https:\/\/www.safety-services.at\/en\/wp-json\/wp\/v2\/users\/1"}],"replies":[{"embeddable":true,"href":"https:\/\/www.safety-services.at\/en\/wp-json\/wp\/v2\/comments?post=526"}],"version-history":[{"count":14,"href":"https:\/\/www.safety-services.at\/en\/wp-json\/wp\/v2\/pages\/526\/revisions"}],"predecessor-version":[{"id":607,"href":"https:\/\/www.safety-services.at\/en\/wp-json\/wp\/v2\/pages\/526\/revisions\/607"}],"wp:attachment":[{"href":"https:\/\/www.safety-services.at\/en\/wp-json\/wp\/v2\/media?parent=526"}],"curies":[{"name":"wp","href":"https:\/\/api.w.org\/{rel}","templated":true}]}}