{"id":550,"date":"2020-03-08T17:29:20","date_gmt":"2020-03-08T16:29:20","guid":{"rendered":"http:\/\/www.safety-services.at\/?page_id=550"},"modified":"2022-03-12T13:17:07","modified_gmt":"2022-03-12T12:17:07","slug":"workshop2","status":"publish","type":"page","link":"https:\/\/www.safety-services.at\/en\/workshop2\/","title":{"rendered":"Workshop funktionale Sicherheit"},"content":{"rendered":"\n<p> Dieser 1-t\u00e4gige Workshop f\u00fcr Maschinenhersteller, Schaltschrankbauer,  Maschinenintegratoren und Maschinenbetreiber (z. B. Instandhalter oder Personal aus der Produktion)  gibt einen Einblick in die EN ISO 13849-1 und den Nachweis \u00fcber die Performance Level der steuerungstechnischen Sicherheitsfunktionen. <\/p>\n\n\n\n<h2 class=\"wp-block-heading\">Workshop Termine<\/h2>\n\n\n\n<p>Dieser Workshop wird regelm\u00e4\u00dfig angeboten. Die Termine in Wien (B\u00fcro  4S) sind begrenzt f\u00fcr Kleingruppen von 2 bis maximal 4 Personen.  Sollten sie mehr Personen anmelden wollen, k\u00f6nnen wir einen eigenen Termin und Schulungsort vereinbaren. Nat\u00fcrlich ist auch ein Inhouse-Workshop bei ihnen im Unternehmen m\u00f6glich.<\/p>\n\n\n\n<p>Folgende Termine sind verf\u00fcgbar:<\/p>\n\n\n\n<figure class=\"wp-block-table is-style-stripes\"><table><tbody><tr><td>Datum<\/td><td>Ort<\/td><td>Anfrage \/ Anmeldung<\/td><\/tr><tr><td>Auf Anfrage<\/td><td>Wien B\u00fcro 4S<\/td><td>+43 664 9123780 \/ 4s@4s.at<\/td><\/tr><tr><td>Auf Anfrage<\/td><td>Inhouse<\/td><td> +43 664 9123780 \/ 4s@4s.at  <\/td><\/tr><\/tbody><\/table><\/figure>\n\n\n\n<h2 class=\"wp-block-heading\">Workshop Inhalte<\/h2>\n\n\n\n<p><strong>Steuerungstechnische Sicherheitsfunktionen, d.h. funktionale Sicherheit gem\u00e4\u00df EN ISO 13849-1<\/strong> anhand eines Praxisbeispiels.<\/p>\n\n\n\n<ul class=\"wp-block-list\"><li>Verantwortlichkeiten<\/li><li>Definition von  Sicherheitsfunktionen <\/li><li>Beschreibung der Sicherheitfunktion<\/li><li>Performance Level required (PLr)<\/li><li>Kategorien \/ Schaltungsarchitekturen<\/li><li>MTTFd, MTTF, B10d, B10, PFHd<\/li><li>Diagnosedeckungsgrad (DC)<\/li><li>Ausf\u00e4lle aufgrund gemeinsamer Ursache (CCF)<\/li><li>Nachweis und Berichterstellung der Performance Level in einem Tool<\/li><\/ul>\n\n\n\n<h2 class=\"wp-block-heading\"><a href=\"http:\/\/www.safety-services.at\/workshops-maschinensicherheit\/\">Weitere Workshops<\/a><\/h2>\n","protected":false},"excerpt":{"rendered":"<p>Dieser 1-t\u00e4gige Workshop f\u00fcr Maschinenhersteller, Schaltschrankbauer, Maschinenintegratoren und Maschinenbetreiber (z. B. Instandhalter oder Personal aus der Produktion) gibt einen Einblick in die EN ISO 13849-1 und den Nachweis \u00fcber die Performance Level der steuerungstechnischen Sicherheitsfunktionen. Workshop Termine Dieser Workshop wird regelm\u00e4\u00dfig angeboten. Die Termine in Wien (B\u00fcro 4S) sind begrenzt f\u00fcr Kleingruppen von 2 bis&hellip;<\/p>\n<p class=\"more-link-wrapper\"><a class=\"more-link\" href=\"https:\/\/www.safety-services.at\/en\/workshop2\/\">Continue<\/a><\/p>\n","protected":false},"author":1,"featured_media":0,"parent":0,"menu_order":0,"comment_status":"closed","ping_status":"closed","template":"","meta":{"footnotes":""},"class_list":["post-550","page","type-page","status-publish","hentry"],"translation":{"provider":"WPGlobus","version":"3.0.2","language":"en","enabled_languages":["de","en"],"languages":{"de":{"title":true,"content":true,"excerpt":false},"en":{"title":false,"content":false,"excerpt":false}}},"yoast_head":"<!-- This site is optimized with the Yoast SEO plugin v27.1.1 - https:\/\/yoast.com\/product\/yoast-seo-wordpress\/ -->\n<title>Workshop funktionale Sicherheit - 4S - Sascha Steinkrau\u00df Safety Services<\/title>\n<meta name=\"robots\" content=\"index, follow, max-snippet:-1, max-image-preview:large, max-video-preview:-1\" \/>\n<link rel=\"canonical\" href=\"https:\/\/www.safety-services.at\/en\/workshop2\/\" \/>\n<meta property=\"og:locale\" content=\"en_US\" \/>\n<meta property=\"og:type\" content=\"article\" \/>\n<meta property=\"og:title\" content=\"Workshop funktionale Sicherheit - 4S - Sascha Steinkrau\u00df Safety Services\" \/>\n<meta property=\"og:url\" content=\"https:\/\/www.safety-services.at\/en\/workshop2\/\" \/>\n<meta property=\"og:site_name\" content=\"4S - Sascha Steinkrau\u00df Safety Services\" \/>\n<meta property=\"article:modified_time\" content=\"2022-03-12T12:17:07+00:00\" \/>\n<meta name=\"twitter:card\" content=\"summary_large_image\" \/>\n<meta name=\"twitter:label1\" content=\"Est. reading time\" \/>\n\t<meta name=\"twitter:data1\" content=\"1 minute\" \/>\n<script type=\"application\/ld+json\" class=\"yoast-schema-graph\">{\"@context\":\"https:\/\/schema.org\",\"@graph\":[{\"@type\":\"WebPage\",\"@id\":\"https:\/\/www.safety-services.at\/en\/workshop2\/\",\"url\":\"https:\/\/www.safety-services.at\/en\/workshop2\/\",\"name\":\"Workshop funktionale Sicherheit - 4S - Sascha Steinkrau\u00df Safety Services\",\"isPartOf\":{\"@id\":\"https:\/\/www.safety-services.at\/#website\"},\"datePublished\":\"2020-03-08T16:29:20+00:00\",\"dateModified\":\"2022-03-12T12:17:07+00:00\",\"breadcrumb\":{\"@id\":\"https:\/\/www.safety-services.at\/en\/workshop2\/#breadcrumb\"},\"inLanguage\":\"en-US\",\"potentialAction\":[{\"@type\":\"ReadAction\",\"target\":[\"https:\/\/www.safety-services.at\/en\/workshop2\/\"]}]},{\"@type\":\"BreadcrumbList\",\"@id\":\"https:\/\/www.safety-services.at\/en\/workshop2\/#breadcrumb\",\"itemListElement\":[{\"@type\":\"ListItem\",\"position\":1,\"name\":\"Startseite\",\"item\":\"https:\/\/www.safety-services.at\/\"},{\"@type\":\"ListItem\",\"position\":2,\"name\":\"Workshop funktionale Sicherheit\"}]},{\"@type\":\"WebSite\",\"@id\":\"https:\/\/www.safety-services.at\/#website\",\"url\":\"https:\/\/www.safety-services.at\/\",\"name\":\"4S - Sascha Steinkrau\u00df Safety Services e.U.\",\"description\":\"...so sind sie sicher!\",\"publisher\":{\"@id\":\"https:\/\/www.safety-services.at\/#organization\"},\"potentialAction\":[{\"@type\":\"SearchAction\",\"target\":{\"@type\":\"EntryPoint\",\"urlTemplate\":\"https:\/\/www.safety-services.at\/?s={search_term_string}\"},\"query-input\":{\"@type\":\"PropertyValueSpecification\",\"valueRequired\":true,\"valueName\":\"search_term_string\"}}],\"inLanguage\":\"en-US\"},{\"@type\":\"Organization\",\"@id\":\"https:\/\/www.safety-services.at\/#organization\",\"name\":\"4S - Sascha Steinkrau\u00df Safety Services e.U.\",\"url\":\"https:\/\/www.safety-services.at\/\",\"logo\":{\"@type\":\"ImageObject\",\"inLanguage\":\"en-US\",\"@id\":\"https:\/\/www.safety-services.at\/#\/schema\/logo\/image\/\",\"url\":\"https:\/\/www.safety-services.at\/wp-content\/uploads\/2016\/05\/cropped-4S_red_s_nb.png\",\"contentUrl\":\"https:\/\/www.safety-services.at\/wp-content\/uploads\/2016\/05\/cropped-4S_red_s_nb.png\",\"width\":351,\"height\":102,\"caption\":\"4S - Sascha Steinkrau\u00df Safety Services e.U.\"},\"image\":{\"@id\":\"https:\/\/www.safety-services.at\/#\/schema\/logo\/image\/\"},\"sameAs\":[\"https:\/\/www.linkedin.com\/in\/sascha-steinkrau-6b3248117\/\"]}]}<\/script>\n<!-- \/ Yoast SEO plugin. -->","yoast_head_json":{"title":"Workshop funktionale Sicherheit - 4S - Sascha Steinkrau\u00df Safety Services","robots":{"index":"index","follow":"follow","max-snippet":"max-snippet:-1","max-image-preview":"max-image-preview:large","max-video-preview":"max-video-preview:-1"},"canonical":"https:\/\/www.safety-services.at\/en\/workshop2\/","og_locale":"en_US","og_type":"article","og_title":"Workshop funktionale Sicherheit - 4S - Sascha Steinkrau\u00df Safety Services","og_url":"https:\/\/www.safety-services.at\/en\/workshop2\/","og_site_name":"4S - Sascha Steinkrau\u00df Safety Services","article_modified_time":"2022-03-12T12:17:07+00:00","twitter_card":"summary_large_image","twitter_misc":{"Est. reading time":"1 minute"},"schema":{"@context":"https:\/\/schema.org","@graph":[{"@type":"WebPage","@id":"https:\/\/www.safety-services.at\/en\/workshop2\/","url":"https:\/\/www.safety-services.at\/en\/workshop2\/","name":"Workshop funktionale Sicherheit - 4S - Sascha Steinkrau\u00df Safety Services","isPartOf":{"@id":"https:\/\/www.safety-services.at\/#website"},"datePublished":"2020-03-08T16:29:20+00:00","dateModified":"2022-03-12T12:17:07+00:00","breadcrumb":{"@id":"https:\/\/www.safety-services.at\/en\/workshop2\/#breadcrumb"},"inLanguage":"en-US","potentialAction":[{"@type":"ReadAction","target":["https:\/\/www.safety-services.at\/en\/workshop2\/"]}]},{"@type":"BreadcrumbList","@id":"https:\/\/www.safety-services.at\/en\/workshop2\/#breadcrumb","itemListElement":[{"@type":"ListItem","position":1,"name":"Startseite","item":"https:\/\/www.safety-services.at\/"},{"@type":"ListItem","position":2,"name":"Workshop funktionale Sicherheit"}]},{"@type":"WebSite","@id":"https:\/\/www.safety-services.at\/#website","url":"https:\/\/www.safety-services.at\/","name":"4S - Sascha Steinkrau\u00df Safety Services e.U.","description":"...so sind sie sicher!","publisher":{"@id":"https:\/\/www.safety-services.at\/#organization"},"potentialAction":[{"@type":"SearchAction","target":{"@type":"EntryPoint","urlTemplate":"https:\/\/www.safety-services.at\/?s={search_term_string}"},"query-input":{"@type":"PropertyValueSpecification","valueRequired":true,"valueName":"search_term_string"}}],"inLanguage":"en-US"},{"@type":"Organization","@id":"https:\/\/www.safety-services.at\/#organization","name":"4S - Sascha Steinkrau\u00df Safety Services e.U.","url":"https:\/\/www.safety-services.at\/","logo":{"@type":"ImageObject","inLanguage":"en-US","@id":"https:\/\/www.safety-services.at\/#\/schema\/logo\/image\/","url":"https:\/\/www.safety-services.at\/wp-content\/uploads\/2016\/05\/cropped-4S_red_s_nb.png","contentUrl":"https:\/\/www.safety-services.at\/wp-content\/uploads\/2016\/05\/cropped-4S_red_s_nb.png","width":351,"height":102,"caption":"4S - Sascha Steinkrau\u00df Safety Services e.U."},"image":{"@id":"https:\/\/www.safety-services.at\/#\/schema\/logo\/image\/"},"sameAs":["https:\/\/www.linkedin.com\/in\/sascha-steinkrau-6b3248117\/"]}]}},"_links":{"self":[{"href":"https:\/\/www.safety-services.at\/en\/wp-json\/wp\/v2\/pages\/550","targetHints":{"allow":["GET"]}}],"collection":[{"href":"https:\/\/www.safety-services.at\/en\/wp-json\/wp\/v2\/pages"}],"about":[{"href":"https:\/\/www.safety-services.at\/en\/wp-json\/wp\/v2\/types\/page"}],"author":[{"embeddable":true,"href":"https:\/\/www.safety-services.at\/en\/wp-json\/wp\/v2\/users\/1"}],"replies":[{"embeddable":true,"href":"https:\/\/www.safety-services.at\/en\/wp-json\/wp\/v2\/comments?post=550"}],"version-history":[{"count":6,"href":"https:\/\/www.safety-services.at\/en\/wp-json\/wp\/v2\/pages\/550\/revisions"}],"predecessor-version":[{"id":606,"href":"https:\/\/www.safety-services.at\/en\/wp-json\/wp\/v2\/pages\/550\/revisions\/606"}],"wp:attachment":[{"href":"https:\/\/www.safety-services.at\/en\/wp-json\/wp\/v2\/media?parent=550"}],"curies":[{"name":"wp","href":"https:\/\/api.w.org\/{rel}","templated":true}]}}