{"id":564,"date":"2020-03-08T18:12:25","date_gmt":"2020-03-08T17:12:25","guid":{"rendered":"http:\/\/www.safety-services.at\/?page_id=564"},"modified":"2021-03-29T10:55:19","modified_gmt":"2021-03-29T08:55:19","slug":"workshop4","status":"publish","type":"page","link":"https:\/\/www.safety-services.at\/en\/workshop4\/","title":{"rendered":"Workshop individuell"},"content":{"rendered":"\n<p>Dieser Workshop wird  individuell nach ihrem Bedarf vorbereitet und kann  sowohl hands-on an der Maschine, als auch mehr in Richtung Normen und  Richtlinien erfolgen.  <\/p>\n\n\n\n<h2 class=\"wp-block-heading\">Workshop Termine<\/h2>\n\n\n\n<p>Die Termine zu einem individuellen Workshop k\u00f6nnen nach ihren W\u00fcnschen vereinbart werden. M\u00f6glich sind auch Wochenendveranstaltungen, z.B. im Rahmen von Teambuildungma\u00dfnahmen oder auch k\u00fcrzere Vortr\u00e4ge zu bestimmten Themen aus dem Bereich Maschinensicherheit und Arbeitssicherheit. Dies ist nat\u00fcrlich auch im Rahmen einer Veranstaltung mit mehreren Rednern m\u00f6glich.<\/p>\n\n\n\n<p>Individuelle Workshops und Vortr\u00e4ge k\u00f6nnen zeitlich und inhaltlich variabel ausgef\u00fchrt  werden. Es muss dabei nicht bei einem Vortrag im Seminarraum bleiben. Gerne k\u00f6nnen wir direkt an ihrer Maschine  gemeinsam, z.B. die normativ  korrekte Umsetzung einer Risikobeurteilung durchf\u00fchren.<\/p>\n\n\n\n<p>Die Workshops k\u00f6nnen wir bei ihnen Inhouse, extern in einem Seminarhotel in ihrer N\u00e4he oder in Wien bei 4S im B\u00fcro (in Kleingruppen bis max. 4 Personen) durchf\u00fchren.<\/p>\n\n\n\n<p>Interesse? Rufen Sie mich direkt an unter <\/p>\n\n\n\n<p class=\"has-text-align-center has-large-font-size\"><strong>+43 664 9123780<\/strong> <\/p>\n\n\n\n<p>oder schreiben sie mir eine Email mit ihren Kontaktdaten: <\/p>\n\n\n\n<p class=\"has-text-align-center has-large-font-size\"><strong>4s@4s.at<\/strong><\/p>\n\n\n\n<h2 class=\"wp-block-heading\">Workshop Inhalte nach Themen<\/h2>\n\n\n\n<p>M\u00f6gliche Inhalte von Workshops oder Vortr\u00e4gen k\u00f6nnen aus s\u00e4mtlichen Bereichen der Maschinensicherheit kommen, z.B. <\/p>\n\n\n\n<h3 class=\"wp-block-heading\"><strong>CE-Konformit\u00e4tsbewertung von Maschinen<\/strong> <\/h3>\n\n\n\n<ul class=\"wp-block-list\"><li>Europ\u00e4ische Richtlinien<\/li><li>Maschinenrichtlinie 2006\/42\/EG<\/li><li>Harmonisierte Normen<\/li><li>Risikobeurteilung gem\u00e4\u00df EN ISO 12100<ul><li>Risikoanalyse, bestehend aus<ul><li>Grenzen der Maschine<\/li><li>Identifizierung der Gef\u00e4hrdungen<\/li><li>Risikoeinsch\u00e4tzung<\/li><\/ul><\/li><li>Risikobewertung<\/li><\/ul><\/li><li>Risikominderung gem\u00e4\u00df dem 3-Stufen-Verfahren<ul><li>Inh\u00e4rent sichere Konstruktion<\/li><li>Technische und erg\u00e4nzende Ma\u00dfnahmen<\/li><li>Benutzerinformation<\/li><\/ul><\/li><li>Funktionale Sicherheit gem\u00e4\u00df EN ISO 13849-1 <ul><li>Nachweis \u00fcber die Performance Level der steuerungstechnischen Sicherheitsfunktionen<\/li><\/ul><\/li><li>Verifikation \/ Validierung<\/li><li>Betriebsanleitung \/ Montageanleitung<\/li><li>Konformit\u00e4tserkl\u00e4rung \/ Einbauerkl\u00e4rung<\/li><li>Dokumentation gem\u00e4\u00df Maschinenrichtlinie 2006\/42\/EG<\/li><li>CE-Kennzeichnung<\/li><\/ul>\n\n\n\n<h3 class=\"wp-block-heading\">Funktionale Sicherheit<\/h3>\n\n\n\n<ul class=\"wp-block-list\"><li>Verantwortlichkeiten<\/li><li>Definition von  Sicherheitsfunktionen <\/li><li>Beschreibung der Sicherheitfunktion<\/li><li>Performance Level required (PLr)<\/li><li>Kategorien \/ Schaltungsarchitekturen<\/li><li>MTTFd, MTTF, B10d, B10, PFHd<\/li><li>Diagnosedeckungsgrad (DC)<\/li><li>Ausf\u00e4lle aufgrund gemeinsamer Ursache (CCF)<\/li><li>Nachweis und Berichterstellung der Performance Level in einem Tool<\/li><\/ul>\n\n\n\n<h3 class=\"wp-block-heading\">Umbau von Maschinen<\/h3>\n\n\n\n<ul class=\"wp-block-list\"><li>ArbeitnehmerInnenschutzgesetz (ASchG)<\/li><li>Verordnungen nach dem ASchG<\/li><li>Arbeitsmittelverordnung (AM-VO)<\/li><li>Pr\u00fcfpflichten bei Maschinen<\/li><li>Verantwortlichkeiten von Herstellern und Betreibern von Maschinen<\/li><li>Umbau von Maschinen mit Praxisbeispielen<\/li><li>Dokumentation von Umbauten <\/li><\/ul>\n\n\n\n<h2 class=\"wp-block-heading\">Workshop Inhalte nach Maschinentyp<\/h2>\n\n\n\n<p>Inhalte von Workshops oder Vortr\u00e4gen k\u00f6nnen sich auch nach bestimmten Typen von Maschinen richten, die in ihrem Betrieb verwendet oder hergestellt werden. Nachfolgend wird eine kleine Auswahl aufgez\u00e4hlt, die nur als Ideengeber dienen soll. Die Themen k\u00f6nnen nat\u00fcrlich dar\u00fcber hinaus gehen.<\/p>\n\n\n\n<h3 class=\"wp-block-heading\">Roboterapplikationen<\/h3>\n\n\n\n<ul class=\"wp-block-list\"><li>Industrielle Robotersysteme gem\u00e4\u00df EN ISO 10218-2<ul><li>6-Achsknickarmroboter<\/li><li>Portalroboter mit drei oder mehr Achsen<\/li><\/ul><\/li><li>Mensch-Roboter-Applikationen (MRK) gem\u00e4\u00df ISO\/TS 15066<\/li><\/ul>\n\n\n\n<h3 class=\"wp-block-heading\">F\u00f6rdertechnik<\/h3>\n\n\n\n<ul class=\"wp-block-list\"><li>F\u00f6rdertechnik f\u00fcr St\u00fcckgut gem\u00e4\u00df EN 619<\/li><li>F\u00f6rdertechnik f\u00fcr Sch\u00fcttgut gem\u00e4\u00df EN 620<\/li><li>Fahrerlose Transportsysteme gem\u00e4\u00df EN ISO 3691-4<\/li><\/ul>\n\n\n\n<h3 class=\"wp-block-heading\">Werkzeugmaschinen<\/h3>\n\n\n\n<ul class=\"wp-block-list\"><li>Drehmaschinen<\/li><li>Fr\u00e4smaschinen<\/li><li>Bohrmaschinen<\/li><li>Pressen<\/li><li>Stanzen<\/li><\/ul>\n\n\n\n<h3 class=\"wp-block-heading\">Papiermaschinen<\/h3>\n\n\n\n<ul class=\"wp-block-list\"><li>Maschinen zur Papierherstellung gem\u00e4\u00df EN 1034-&#8230;<\/li><li>Maschinen zur Papierverarbeitung gem\u00e4\u00df EN 1010-&#8230;<\/li><\/ul>\n\n\n\n<p style=\"font-size:30px\">Weitere Maschinentypen aus den Bereichen <strong>Sondermaschinenbau, Stahlerzeugung, Metallverarbeitung, Kunststoff, &#8230;<\/strong><\/p>\n\n\n\n<h2 class=\"wp-block-heading\"><a href=\"http:\/\/www.safety-services.at\/workshops-maschinensicherheit\/\">Weitere Workshops<\/a><\/h2>\n","protected":false},"excerpt":{"rendered":"<p>Dieser Workshop wird individuell nach ihrem Bedarf vorbereitet und kann sowohl hands-on an der Maschine, als auch mehr in Richtung Normen und Richtlinien erfolgen. Workshop Termine Die Termine zu einem individuellen Workshop k\u00f6nnen nach ihren W\u00fcnschen vereinbart werden. M\u00f6glich sind auch Wochenendveranstaltungen, z.B. im Rahmen von Teambuildungma\u00dfnahmen oder auch k\u00fcrzere Vortr\u00e4ge zu bestimmten Themen aus&hellip;<\/p>\n<p class=\"more-link-wrapper\"><a class=\"more-link\" href=\"https:\/\/www.safety-services.at\/en\/workshop4\/\">Continue<\/a><\/p>\n","protected":false},"author":1,"featured_media":0,"parent":0,"menu_order":0,"comment_status":"closed","ping_status":"closed","template":"","meta":{"footnotes":""},"class_list":["post-564","page","type-page","status-publish","hentry"],"translation":{"provider":"WPGlobus","version":"3.0.2","language":"en","enabled_languages":["de","en"],"languages":{"de":{"title":true,"content":true,"excerpt":false},"en":{"title":false,"content":false,"excerpt":false}}},"yoast_head":"<!-- This site is optimized with the Yoast SEO plugin v27.1.1 - https:\/\/yoast.com\/product\/yoast-seo-wordpress\/ -->\n<title>Workshop individuell - 4S - Sascha Steinkrau\u00df Safety Services<\/title>\n<meta name=\"robots\" content=\"index, follow, max-snippet:-1, max-image-preview:large, max-video-preview:-1\" \/>\n<link rel=\"canonical\" href=\"https:\/\/www.safety-services.at\/workshop4\/\" \/>\n<meta property=\"og:locale\" content=\"en_US\" \/>\n<meta property=\"og:type\" content=\"article\" \/>\n<meta property=\"og:title\" content=\"Workshop individuell - 4S - Sascha Steinkrau\u00df Safety Services\" \/>\n<meta property=\"og:url\" content=\"https:\/\/www.safety-services.at\/workshop4\/\" \/>\n<meta property=\"og:site_name\" content=\"4S - Sascha Steinkrau\u00df Safety Services\" \/>\n<meta property=\"article:modified_time\" content=\"2021-03-29T08:55:19+00:00\" \/>\n<meta name=\"twitter:card\" content=\"summary_large_image\" \/>\n<meta name=\"twitter:label1\" content=\"Est. reading time\" \/>\n\t<meta name=\"twitter:data1\" content=\"2 minutes\" \/>\n<script type=\"application\/ld+json\" class=\"yoast-schema-graph\">{\"@context\":\"https:\/\/schema.org\",\"@graph\":[{\"@type\":\"WebPage\",\"@id\":\"https:\/\/www.safety-services.at\/workshop4\/\",\"url\":\"https:\/\/www.safety-services.at\/workshop4\/\",\"name\":\"Workshop individuell - 4S - Sascha Steinkrau\u00df Safety Services\",\"isPartOf\":{\"@id\":\"https:\/\/www.safety-services.at\/#website\"},\"datePublished\":\"2020-03-08T17:12:25+00:00\",\"dateModified\":\"2021-03-29T08:55:19+00:00\",\"breadcrumb\":{\"@id\":\"https:\/\/www.safety-services.at\/workshop4\/#breadcrumb\"},\"inLanguage\":\"en-US\",\"potentialAction\":[{\"@type\":\"ReadAction\",\"target\":[\"https:\/\/www.safety-services.at\/workshop4\/\"]}]},{\"@type\":\"BreadcrumbList\",\"@id\":\"https:\/\/www.safety-services.at\/workshop4\/#breadcrumb\",\"itemListElement\":[{\"@type\":\"ListItem\",\"position\":1,\"name\":\"Startseite\",\"item\":\"https:\/\/www.safety-services.at\/\"},{\"@type\":\"ListItem\",\"position\":2,\"name\":\"Workshop individuell\"}]},{\"@type\":\"WebSite\",\"@id\":\"https:\/\/www.safety-services.at\/#website\",\"url\":\"https:\/\/www.safety-services.at\/\",\"name\":\"4S - Sascha Steinkrau\u00df Safety Services e.U.\",\"description\":\"...so sind sie sicher!\",\"publisher\":{\"@id\":\"https:\/\/www.safety-services.at\/#organization\"},\"potentialAction\":[{\"@type\":\"SearchAction\",\"target\":{\"@type\":\"EntryPoint\",\"urlTemplate\":\"https:\/\/www.safety-services.at\/?s={search_term_string}\"},\"query-input\":{\"@type\":\"PropertyValueSpecification\",\"valueRequired\":true,\"valueName\":\"search_term_string\"}}],\"inLanguage\":\"en-US\"},{\"@type\":\"Organization\",\"@id\":\"https:\/\/www.safety-services.at\/#organization\",\"name\":\"4S - Sascha Steinkrau\u00df Safety Services e.U.\",\"url\":\"https:\/\/www.safety-services.at\/\",\"logo\":{\"@type\":\"ImageObject\",\"inLanguage\":\"en-US\",\"@id\":\"https:\/\/www.safety-services.at\/#\/schema\/logo\/image\/\",\"url\":\"https:\/\/www.safety-services.at\/wp-content\/uploads\/2016\/05\/cropped-4S_red_s_nb.png\",\"contentUrl\":\"https:\/\/www.safety-services.at\/wp-content\/uploads\/2016\/05\/cropped-4S_red_s_nb.png\",\"width\":351,\"height\":102,\"caption\":\"4S - Sascha Steinkrau\u00df Safety Services e.U.\"},\"image\":{\"@id\":\"https:\/\/www.safety-services.at\/#\/schema\/logo\/image\/\"},\"sameAs\":[\"https:\/\/www.linkedin.com\/in\/sascha-steinkrau-6b3248117\/\"]}]}<\/script>\n<!-- \/ Yoast SEO plugin. -->","yoast_head_json":{"title":"Workshop individuell - 4S - Sascha Steinkrau\u00df Safety Services","robots":{"index":"index","follow":"follow","max-snippet":"max-snippet:-1","max-image-preview":"max-image-preview:large","max-video-preview":"max-video-preview:-1"},"canonical":"https:\/\/www.safety-services.at\/workshop4\/","og_locale":"en_US","og_type":"article","og_title":"Workshop individuell - 4S - Sascha Steinkrau\u00df Safety Services","og_url":"https:\/\/www.safety-services.at\/workshop4\/","og_site_name":"4S - Sascha Steinkrau\u00df Safety Services","article_modified_time":"2021-03-29T08:55:19+00:00","twitter_card":"summary_large_image","twitter_misc":{"Est. reading time":"2 minutes"},"schema":{"@context":"https:\/\/schema.org","@graph":[{"@type":"WebPage","@id":"https:\/\/www.safety-services.at\/workshop4\/","url":"https:\/\/www.safety-services.at\/workshop4\/","name":"Workshop individuell - 4S - Sascha Steinkrau\u00df Safety Services","isPartOf":{"@id":"https:\/\/www.safety-services.at\/#website"},"datePublished":"2020-03-08T17:12:25+00:00","dateModified":"2021-03-29T08:55:19+00:00","breadcrumb":{"@id":"https:\/\/www.safety-services.at\/workshop4\/#breadcrumb"},"inLanguage":"en-US","potentialAction":[{"@type":"ReadAction","target":["https:\/\/www.safety-services.at\/workshop4\/"]}]},{"@type":"BreadcrumbList","@id":"https:\/\/www.safety-services.at\/workshop4\/#breadcrumb","itemListElement":[{"@type":"ListItem","position":1,"name":"Startseite","item":"https:\/\/www.safety-services.at\/"},{"@type":"ListItem","position":2,"name":"Workshop individuell"}]},{"@type":"WebSite","@id":"https:\/\/www.safety-services.at\/#website","url":"https:\/\/www.safety-services.at\/","name":"4S - Sascha Steinkrau\u00df Safety Services e.U.","description":"...so sind sie sicher!","publisher":{"@id":"https:\/\/www.safety-services.at\/#organization"},"potentialAction":[{"@type":"SearchAction","target":{"@type":"EntryPoint","urlTemplate":"https:\/\/www.safety-services.at\/?s={search_term_string}"},"query-input":{"@type":"PropertyValueSpecification","valueRequired":true,"valueName":"search_term_string"}}],"inLanguage":"en-US"},{"@type":"Organization","@id":"https:\/\/www.safety-services.at\/#organization","name":"4S - Sascha Steinkrau\u00df Safety Services e.U.","url":"https:\/\/www.safety-services.at\/","logo":{"@type":"ImageObject","inLanguage":"en-US","@id":"https:\/\/www.safety-services.at\/#\/schema\/logo\/image\/","url":"https:\/\/www.safety-services.at\/wp-content\/uploads\/2016\/05\/cropped-4S_red_s_nb.png","contentUrl":"https:\/\/www.safety-services.at\/wp-content\/uploads\/2016\/05\/cropped-4S_red_s_nb.png","width":351,"height":102,"caption":"4S - Sascha Steinkrau\u00df Safety Services e.U."},"image":{"@id":"https:\/\/www.safety-services.at\/#\/schema\/logo\/image\/"},"sameAs":["https:\/\/www.linkedin.com\/in\/sascha-steinkrau-6b3248117\/"]}]}},"_links":{"self":[{"href":"https:\/\/www.safety-services.at\/en\/wp-json\/wp\/v2\/pages\/564","targetHints":{"allow":["GET"]}}],"collection":[{"href":"https:\/\/www.safety-services.at\/en\/wp-json\/wp\/v2\/pages"}],"about":[{"href":"https:\/\/www.safety-services.at\/en\/wp-json\/wp\/v2\/types\/page"}],"author":[{"embeddable":true,"href":"https:\/\/www.safety-services.at\/en\/wp-json\/wp\/v2\/users\/1"}],"replies":[{"embeddable":true,"href":"https:\/\/www.safety-services.at\/en\/wp-json\/wp\/v2\/comments?post=564"}],"version-history":[{"count":6,"href":"https:\/\/www.safety-services.at\/en\/wp-json\/wp\/v2\/pages\/564\/revisions"}],"predecessor-version":[{"id":587,"href":"https:\/\/www.safety-services.at\/en\/wp-json\/wp\/v2\/pages\/564\/revisions\/587"}],"wp:attachment":[{"href":"https:\/\/www.safety-services.at\/en\/wp-json\/wp\/v2\/media?parent=564"}],"curies":[{"name":"wp","href":"https:\/\/api.w.org\/{rel}","templated":true}]}}